{"id":140,"date":"2024-03-01T18:23:55","date_gmt":"2024-03-01T21:23:55","guid":{"rendered":"https:\/\/ifap.org.br\/?page_id=140"},"modified":"2024-03-13T20:42:23","modified_gmt":"2024-03-13T23:42:23","slug":"nossos-projetos","status":"publish","type":"page","link":"https:\/\/ifap.org.br\/index.php\/nossos-projetos\/","title":{"rendered":"Nossos projetos"},"content":{"rendered":"\t\t<div data-elementor-type=\"wp-page\" data-elementor-id=\"140\" class=\"elementor elementor-140\" data-elementor-post-type=\"page\">\n\t\t\t\t<div class=\"elementor-element elementor-element-8a749d8 e-flex e-con-boxed e-con e-parent\" data-id=\"8a749d8\" data-element_type=\"container\" data-settings=\"{&quot;background_background&quot;:&quot;classic&quot;}\">\n\t\t\t\t\t<div class=\"e-con-inner\">\n\t\t\t\t<div class=\"elementor-element elementor-element-b43cf92 elementor-widget elementor-widget-heading\" data-id=\"b43cf92\" data-element_type=\"widget\" data-widget_type=\"heading.default\">\n\t\t\t\t<div class=\"elementor-widget-container\">\n\t\t\t\t\t<h2 class=\"elementor-heading-title elementor-size-default\">Nossos projetos<\/h2>\t\t\t\t<\/div>\n\t\t\t\t<\/div>\n\t\t\t\t\t<\/div>\n\t\t\t\t<\/div>\n\t\t<div class=\"elementor-element elementor-element-ebb53fa e-flex e-con-boxed e-con e-parent\" data-id=\"ebb53fa\" data-element_type=\"container\">\n\t\t\t\t\t<div class=\"e-con-inner\">\n\t\t\t\t<div class=\"elementor-element elementor-element-7efd362 elementor-widget elementor-widget-text-editor\" data-id=\"7efd362\" data-element_type=\"widget\" data-widget_type=\"text-editor.default\">\n\t\t\t\t<div class=\"elementor-widget-container\">\n\t\t\t\t\t\t\t\t\t<p>A nossa atua\u00e7\u00e3o parte de uma an\u00e1lise e fundamenta\u00e7\u00e3o do contexto social, pol\u00edtico e econ\u00f4mico da sociedade, mas tamb\u00e9m na perspectiva eclesial e teol\u00f3gica que a Congrega\u00e7\u00e3o foi assumindo ao longo da Hist\u00f3ria.<\/p>\t\t\t\t\t\t\t\t<\/div>\n\t\t\t\t<\/div>\n\t\t\t\t\t<\/div>\n\t\t\t\t<\/div>\n\t\t<div class=\"elementor-element elementor-element-1f8fc48 e-flex e-con-boxed e-con e-parent\" data-id=\"1f8fc48\" data-element_type=\"container\" data-settings=\"{&quot;background_background&quot;:&quot;classic&quot;}\">\n\t\t\t\t\t<div class=\"e-con-inner\">\n\t\t\t\t<div class=\"elementor-element elementor-element-cec146c elementor-widget__width-initial elementor-widget elementor-widget-heading\" data-id=\"cec146c\" data-element_type=\"widget\" data-widget_type=\"heading.default\">\n\t\t\t\t<div class=\"elementor-widget-container\">\n\t\t\t\t\t<h3 class=\"elementor-heading-title elementor-size-default\">\u00c1reas de Atua\u00e7\u00e3o<\/h3>\t\t\t\t<\/div>\n\t\t\t\t<\/div>\n\t\t\t\t\t<\/div>\n\t\t\t\t<\/div>\n\t\t<div class=\"elementor-element elementor-element-e817dec e-flex e-con-boxed e-con e-parent\" data-id=\"e817dec\" data-element_type=\"container\" data-settings=\"{&quot;background_background&quot;:&quot;classic&quot;}\">\n\t\t\t\t\t<div class=\"e-con-inner\">\n\t\t<div class=\"elementor-element elementor-element-a6da304 e-con-full e-flex e-con e-child\" data-id=\"a6da304\" data-element_type=\"container\">\n\t\t<div class=\"elementor-element elementor-element-8c0b078 e-con-full e-flex e-con e-child\" data-id=\"8c0b078\" data-element_type=\"container\" data-settings=\"{&quot;background_background&quot;:&quot;classic&quot;}\">\n\t\t<div class=\"elementor-element elementor-element-702c94b e-flex e-con-boxed e-con e-child\" data-id=\"702c94b\" data-element_type=\"container\">\n\t\t\t\t\t<div class=\"e-con-inner\">\n\t\t\t\t<div class=\"elementor-element elementor-element-e180083 elementor-widget elementor-widget-heading\" data-id=\"e180083\" data-element_type=\"widget\" data-widget_type=\"heading.default\">\n\t\t\t\t<div class=\"elementor-widget-container\">\n\t\t\t\t\t<h2 class=\"elementor-heading-title elementor-size-default\">Educa\u00e7\u00e3o Popular<\/h2>\t\t\t\t<\/div>\n\t\t\t\t<\/div>\n\t\t\t\t\t<\/div>\n\t\t\t\t<\/div>\n\t\t\t\t<\/div>\n\t\t<div class=\"elementor-element elementor-element-aefdde7 e-con-full e-flex e-con e-child\" data-id=\"aefdde7\" data-element_type=\"container\" data-settings=\"{&quot;background_background&quot;:&quot;classic&quot;}\">\n\t\t\t\t<div class=\"elementor-element elementor-element-d8e6d12 elementor-widget elementor-widget-text-editor\" data-id=\"d8e6d12\" data-element_type=\"widget\" data-widget_type=\"text-editor.default\">\n\t\t\t\t<div class=\"elementor-widget-container\">\n\t\t\t\t\t\t\t\t\t<p>Iniciativas e a\u00e7\u00f5es educativas com intencionalidade para o desenvolvimento da autonomia, que estimulam a leitura cr\u00edtica do mundo e a capacidade de transform\u00e1-lo, por meio de dispositivos pedag\u00f3gicos populares.<\/p>\t\t\t\t\t\t\t\t<\/div>\n\t\t\t\t<\/div>\n\t\t\t\t<\/div>\n\t\t\t\t<\/div>\n\t\t<div class=\"elementor-element elementor-element-67c95e2 e-con-full e-flex e-con e-child\" data-id=\"67c95e2\" data-element_type=\"container\">\n\t\t<div class=\"elementor-element elementor-element-1646115 e-con-full e-flex e-con e-child\" data-id=\"1646115\" data-element_type=\"container\" data-settings=\"{&quot;background_background&quot;:&quot;classic&quot;}\">\n\t\t<div class=\"elementor-element elementor-element-1a49b2d e-flex e-con-boxed e-con e-child\" data-id=\"1a49b2d\" data-element_type=\"container\">\n\t\t\t\t\t<div class=\"e-con-inner\">\n\t\t\t\t<div class=\"elementor-element elementor-element-3ae9366 elementor-widget elementor-widget-heading\" data-id=\"3ae9366\" data-element_type=\"widget\" data-widget_type=\"heading.default\">\n\t\t\t\t<div class=\"elementor-widget-container\">\n\t\t\t\t\t<h2 class=\"elementor-heading-title elementor-size-default\">Assist\u00eancia Social<\/h2>\t\t\t\t<\/div>\n\t\t\t\t<\/div>\n\t\t\t\t\t<\/div>\n\t\t\t\t<\/div>\n\t\t\t\t<\/div>\n\t\t<div class=\"elementor-element elementor-element-afaea2c e-con-full e-flex e-con e-child\" data-id=\"afaea2c\" data-element_type=\"container\" data-settings=\"{&quot;background_background&quot;:&quot;classic&quot;}\">\n\t\t\t\t<div class=\"elementor-element elementor-element-8b48829 elementor-widget elementor-widget-text-editor\" data-id=\"8b48829\" data-element_type=\"widget\" data-widget_type=\"text-editor.default\">\n\t\t\t\t<div class=\"elementor-widget-container\">\n\t\t\t\t\t\t\t\t\t<p>A\u00e7\u00f5es diretas voltadas para grupos em situa\u00e7\u00e3o de vulnerabilidade social, econ\u00f4mica e afetivas com apoio de redes socioassistenciais, que garanta o acesso a servi\u00e7os b\u00e1sicos, de m\u00e9dia e alta complexidade.<\/p>\t\t\t\t\t\t\t\t<\/div>\n\t\t\t\t<\/div>\n\t\t\t\t<\/div>\n\t\t\t\t<\/div>\n\t\t<div class=\"elementor-element elementor-element-b7c75f2 e-con-full e-flex e-con e-child\" data-id=\"b7c75f2\" data-element_type=\"container\">\n\t\t<div class=\"elementor-element elementor-element-52954cd e-con-full e-flex e-con e-child\" data-id=\"52954cd\" data-element_type=\"container\" data-settings=\"{&quot;background_background&quot;:&quot;classic&quot;}\">\n\t\t<div class=\"elementor-element elementor-element-600a3b0 e-flex e-con-boxed e-con e-child\" data-id=\"600a3b0\" data-element_type=\"container\">\n\t\t\t\t\t<div class=\"e-con-inner\">\n\t\t\t\t<div class=\"elementor-element elementor-element-4422dce elementor-widget elementor-widget-heading\" data-id=\"4422dce\" data-element_type=\"widget\" data-widget_type=\"heading.default\">\n\t\t\t\t<div class=\"elementor-widget-container\">\n\t\t\t\t\t<h2 class=\"elementor-heading-title elementor-size-default\">Sa\u00fade Integrativa<\/h2>\t\t\t\t<\/div>\n\t\t\t\t<\/div>\n\t\t\t\t\t<\/div>\n\t\t\t\t<\/div>\n\t\t\t\t<\/div>\n\t\t<div class=\"elementor-element elementor-element-5c1dbef e-con-full e-flex e-con e-child\" data-id=\"5c1dbef\" data-element_type=\"container\" data-settings=\"{&quot;background_background&quot;:&quot;classic&quot;}\">\n\t\t\t\t<div class=\"elementor-element elementor-element-f697e5d elementor-widget elementor-widget-text-editor\" data-id=\"f697e5d\" data-element_type=\"widget\" data-widget_type=\"text-editor.default\">\n\t\t\t\t<div class=\"elementor-widget-container\">\n\t\t\t\t\t\t\t\t\t<p>Espa\u00e7os e iniciativas voltadas para a sa\u00fade integral por meio de massoterapia, acupuntura, produ\u00e7\u00e3o e receitas de ervas e \u00f3leos essenciais, Aromaterapia, assim como abordagem direta de psicologia e parapsicologia.<\/p>\t\t\t\t\t\t\t\t<\/div>\n\t\t\t\t<\/div>\n\t\t\t\t<\/div>\n\t\t\t\t<\/div>\n\t\t<div class=\"elementor-element elementor-element-03a8275 e-con-full e-flex e-con e-child\" data-id=\"03a8275\" data-element_type=\"container\">\n\t\t<div class=\"elementor-element elementor-element-ebf41a3 e-con-full e-flex e-con e-child\" data-id=\"ebf41a3\" data-element_type=\"container\" data-settings=\"{&quot;background_background&quot;:&quot;classic&quot;}\">\n\t\t<div class=\"elementor-element elementor-element-02615fd e-flex e-con-boxed e-con e-child\" data-id=\"02615fd\" data-element_type=\"container\">\n\t\t\t\t\t<div class=\"e-con-inner\">\n\t\t\t\t<div class=\"elementor-element elementor-element-b9f3e6a elementor-widget elementor-widget-heading\" data-id=\"b9f3e6a\" data-element_type=\"widget\" data-widget_type=\"heading.default\">\n\t\t\t\t<div class=\"elementor-widget-container\">\n\t\t\t\t\t<h2 class=\"elementor-heading-title elementor-size-default\">Economia Solid\u00e1ria<\/h2>\t\t\t\t<\/div>\n\t\t\t\t<\/div>\n\t\t\t\t\t<\/div>\n\t\t\t\t<\/div>\n\t\t\t\t<\/div>\n\t\t<div class=\"elementor-element elementor-element-794cbd8 e-con-full e-flex e-con e-child\" data-id=\"794cbd8\" data-element_type=\"container\" data-settings=\"{&quot;background_background&quot;:&quot;classic&quot;}\">\n\t\t\t\t<div class=\"elementor-element elementor-element-77d9fb6 elementor-widget elementor-widget-text-editor\" data-id=\"77d9fb6\" data-element_type=\"widget\" data-widget_type=\"text-editor.default\">\n\t\t\t\t<div class=\"elementor-widget-container\">\n\t\t\t\t\t\t\t\t\t<p>Iniciativas de produ\u00e7\u00e3o e circula\u00e7\u00e3o de produtos realizadas de car\u00e1ter coletivo e comunit\u00e1rio, valorizando as potencialidades e cultura local, com o foco na gera\u00e7\u00e3o de renda &#8211; sempre a partir do cuidado e do respeito com a vida.<\/p>\t\t\t\t\t\t\t\t<\/div>\n\t\t\t\t<\/div>\n\t\t\t\t<\/div>\n\t\t\t\t<\/div>\n\t\t\t\t\t<\/div>\n\t\t\t\t<\/div>\n\t\t\t\t<\/div>\n\t\t","protected":false},"excerpt":{"rendered":"<p>Nossos projetos A nossa atua\u00e7\u00e3o parte de uma an\u00e1lise e fundamenta\u00e7\u00e3o do contexto social, pol\u00edtico e econ\u00f4mico da sociedade, mas tamb\u00e9m na perspectiva eclesial e teol\u00f3gica que a Congrega\u00e7\u00e3o foi assumindo ao longo da Hist\u00f3ria. \u00c1reas de Atua\u00e7\u00e3o Educa\u00e7\u00e3o Popular Iniciativas e a\u00e7\u00f5es educativas com intencionalidade para o desenvolvimento da autonomia, que estimulam a leitura [&hellip;]<\/p>\n","protected":false},"author":1,"featured_media":0,"parent":0,"menu_order":0,"comment_status":"closed","ping_status":"closed","template":"elementor_header_footer","meta":{"_monsterinsights_skip_tracking":false,"_monsterinsights_sitenote_active":false,"_monsterinsights_sitenote_note":"","_monsterinsights_sitenote_category":0,"footnotes":""},"class_list":["post-140","page","type-page","status-publish","hentry"],"yoast_head":"<!-- This site is optimized with the Yoast SEO plugin v25.8 - https:\/\/yoast.com\/wordpress\/plugins\/seo\/ -->\n<title>Nossos projetos - IFAP<\/title>\n<meta name=\"robots\" content=\"index, follow, max-snippet:-1, max-image-preview:large, max-video-preview:-1\" \/>\n<link rel=\"canonical\" href=\"https:\/\/ifap.org.br\/index.php\/nossos-projetos\/\" \/>\n<meta property=\"og:locale\" content=\"pt_BR\" \/>\n<meta property=\"og:type\" content=\"article\" \/>\n<meta property=\"og:title\" content=\"Nossos projetos - IFAP\" \/>\n<meta property=\"og:description\" content=\"Nossos projetos A nossa atua\u00e7\u00e3o parte de uma an\u00e1lise e fundamenta\u00e7\u00e3o do contexto social, pol\u00edtico e econ\u00f4mico da sociedade, mas tamb\u00e9m na perspectiva eclesial e teol\u00f3gica que a Congrega\u00e7\u00e3o foi assumindo ao longo da Hist\u00f3ria. \u00c1reas de Atua\u00e7\u00e3o Educa\u00e7\u00e3o Popular Iniciativas e a\u00e7\u00f5es educativas com intencionalidade para o desenvolvimento da autonomia, que estimulam a leitura [&hellip;]\" \/>\n<meta property=\"og:url\" content=\"https:\/\/ifap.org.br\/index.php\/nossos-projetos\/\" \/>\n<meta property=\"og:site_name\" content=\"IFAP\" \/>\n<meta property=\"article:publisher\" content=\"https:\/\/www.facebook.com\/irmasifap\" \/>\n<meta property=\"article:modified_time\" content=\"2024-03-13T23:42:23+00:00\" \/>\n<meta name=\"twitter:card\" content=\"summary_large_image\" \/>\n<meta name=\"twitter:label1\" content=\"Est. tempo de leitura\" \/>\n\t<meta name=\"twitter:data1\" content=\"1 minuto\" \/>\n<script type=\"application\/ld+json\" class=\"yoast-schema-graph\">{\"@context\":\"https:\/\/schema.org\",\"@graph\":[{\"@type\":\"WebPage\",\"@id\":\"https:\/\/ifap.org.br\/index.php\/nossos-projetos\/\",\"url\":\"https:\/\/ifap.org.br\/index.php\/nossos-projetos\/\",\"name\":\"Nossos projetos - IFAP\",\"isPartOf\":{\"@id\":\"https:\/\/ifap.org.br\/#website\"},\"datePublished\":\"2024-03-01T21:23:55+00:00\",\"dateModified\":\"2024-03-13T23:42:23+00:00\",\"breadcrumb\":{\"@id\":\"https:\/\/ifap.org.br\/index.php\/nossos-projetos\/#breadcrumb\"},\"inLanguage\":\"pt-BR\",\"potentialAction\":[{\"@type\":\"ReadAction\",\"target\":[\"https:\/\/ifap.org.br\/index.php\/nossos-projetos\/\"]}]},{\"@type\":\"BreadcrumbList\",\"@id\":\"https:\/\/ifap.org.br\/index.php\/nossos-projetos\/#breadcrumb\",\"itemListElement\":[{\"@type\":\"ListItem\",\"position\":1,\"name\":\"In\u00edcio\",\"item\":\"https:\/\/ifap.org.br\/\"},{\"@type\":\"ListItem\",\"position\":2,\"name\":\"Nossos projetos\"}]},{\"@type\":\"WebSite\",\"@id\":\"https:\/\/ifap.org.br\/#website\",\"url\":\"https:\/\/ifap.org.br\/\",\"name\":\"IFAP\",\"description\":\"\",\"publisher\":{\"@id\":\"https:\/\/ifap.org.br\/#organization\"},\"potentialAction\":[{\"@type\":\"SearchAction\",\"target\":{\"@type\":\"EntryPoint\",\"urlTemplate\":\"https:\/\/ifap.org.br\/?s={search_term_string}\"},\"query-input\":{\"@type\":\"PropertyValueSpecification\",\"valueRequired\":true,\"valueName\":\"search_term_string\"}}],\"inLanguage\":\"pt-BR\"},{\"@type\":\"Organization\",\"@id\":\"https:\/\/ifap.org.br\/#organization\",\"name\":\"IFAP\",\"url\":\"https:\/\/ifap.org.br\/\",\"logo\":{\"@type\":\"ImageObject\",\"inLanguage\":\"pt-BR\",\"@id\":\"https:\/\/ifap.org.br\/#\/schema\/logo\/image\/\",\"url\":\"https:\/\/ifap.org.br\/wp-content\/uploads\/2024\/03\/logo.png\",\"contentUrl\":\"https:\/\/ifap.org.br\/wp-content\/uploads\/2024\/03\/logo.png\",\"width\":185,\"height\":80,\"caption\":\"IFAP\"},\"image\":{\"@id\":\"https:\/\/ifap.org.br\/#\/schema\/logo\/image\/\"},\"sameAs\":[\"https:\/\/www.facebook.com\/irmasifap\"]}]}<\/script>\n<!-- \/ Yoast SEO plugin. -->","yoast_head_json":{"title":"Nossos projetos - IFAP","robots":{"index":"index","follow":"follow","max-snippet":"max-snippet:-1","max-image-preview":"max-image-preview:large","max-video-preview":"max-video-preview:-1"},"canonical":"https:\/\/ifap.org.br\/index.php\/nossos-projetos\/","og_locale":"pt_BR","og_type":"article","og_title":"Nossos projetos - IFAP","og_description":"Nossos projetos A nossa atua\u00e7\u00e3o parte de uma an\u00e1lise e fundamenta\u00e7\u00e3o do contexto social, pol\u00edtico e econ\u00f4mico da sociedade, mas tamb\u00e9m na perspectiva eclesial e teol\u00f3gica que a Congrega\u00e7\u00e3o foi assumindo ao longo da Hist\u00f3ria. \u00c1reas de Atua\u00e7\u00e3o Educa\u00e7\u00e3o Popular Iniciativas e a\u00e7\u00f5es educativas com intencionalidade para o desenvolvimento da autonomia, que estimulam a leitura [&hellip;]","og_url":"https:\/\/ifap.org.br\/index.php\/nossos-projetos\/","og_site_name":"IFAP","article_publisher":"https:\/\/www.facebook.com\/irmasifap","article_modified_time":"2024-03-13T23:42:23+00:00","twitter_card":"summary_large_image","twitter_misc":{"Est. tempo de leitura":"1 minuto"},"schema":{"@context":"https:\/\/schema.org","@graph":[{"@type":"WebPage","@id":"https:\/\/ifap.org.br\/index.php\/nossos-projetos\/","url":"https:\/\/ifap.org.br\/index.php\/nossos-projetos\/","name":"Nossos projetos - IFAP","isPartOf":{"@id":"https:\/\/ifap.org.br\/#website"},"datePublished":"2024-03-01T21:23:55+00:00","dateModified":"2024-03-13T23:42:23+00:00","breadcrumb":{"@id":"https:\/\/ifap.org.br\/index.php\/nossos-projetos\/#breadcrumb"},"inLanguage":"pt-BR","potentialAction":[{"@type":"ReadAction","target":["https:\/\/ifap.org.br\/index.php\/nossos-projetos\/"]}]},{"@type":"BreadcrumbList","@id":"https:\/\/ifap.org.br\/index.php\/nossos-projetos\/#breadcrumb","itemListElement":[{"@type":"ListItem","position":1,"name":"In\u00edcio","item":"https:\/\/ifap.org.br\/"},{"@type":"ListItem","position":2,"name":"Nossos projetos"}]},{"@type":"WebSite","@id":"https:\/\/ifap.org.br\/#website","url":"https:\/\/ifap.org.br\/","name":"IFAP","description":"","publisher":{"@id":"https:\/\/ifap.org.br\/#organization"},"potentialAction":[{"@type":"SearchAction","target":{"@type":"EntryPoint","urlTemplate":"https:\/\/ifap.org.br\/?s={search_term_string}"},"query-input":{"@type":"PropertyValueSpecification","valueRequired":true,"valueName":"search_term_string"}}],"inLanguage":"pt-BR"},{"@type":"Organization","@id":"https:\/\/ifap.org.br\/#organization","name":"IFAP","url":"https:\/\/ifap.org.br\/","logo":{"@type":"ImageObject","inLanguage":"pt-BR","@id":"https:\/\/ifap.org.br\/#\/schema\/logo\/image\/","url":"https:\/\/ifap.org.br\/wp-content\/uploads\/2024\/03\/logo.png","contentUrl":"https:\/\/ifap.org.br\/wp-content\/uploads\/2024\/03\/logo.png","width":185,"height":80,"caption":"IFAP"},"image":{"@id":"https:\/\/ifap.org.br\/#\/schema\/logo\/image\/"},"sameAs":["https:\/\/www.facebook.com\/irmasifap"]}]}},"_links":{"self":[{"href":"https:\/\/ifap.org.br\/index.php\/wp-json\/wp\/v2\/pages\/140","targetHints":{"allow":["GET"]}}],"collection":[{"href":"https:\/\/ifap.org.br\/index.php\/wp-json\/wp\/v2\/pages"}],"about":[{"href":"https:\/\/ifap.org.br\/index.php\/wp-json\/wp\/v2\/types\/page"}],"author":[{"embeddable":true,"href":"https:\/\/ifap.org.br\/index.php\/wp-json\/wp\/v2\/users\/1"}],"replies":[{"embeddable":true,"href":"https:\/\/ifap.org.br\/index.php\/wp-json\/wp\/v2\/comments?post=140"}],"version-history":[{"count":49,"href":"https:\/\/ifap.org.br\/index.php\/wp-json\/wp\/v2\/pages\/140\/revisions"}],"predecessor-version":[{"id":690,"href":"https:\/\/ifap.org.br\/index.php\/wp-json\/wp\/v2\/pages\/140\/revisions\/690"}],"wp:attachment":[{"href":"https:\/\/ifap.org.br\/index.php\/wp-json\/wp\/v2\/media?parent=140"}],"curies":[{"name":"wp","href":"https:\/\/api.w.org\/{rel}","templated":true}]}}