{"id":402,"date":"2024-03-02T20:16:08","date_gmt":"2024-03-02T23:16:08","guid":{"rendered":"https:\/\/ifap.org.br\/?page_id=402"},"modified":"2024-03-05T04:24:58","modified_gmt":"2024-03-05T07:24:58","slug":"noticias-2","status":"publish","type":"page","link":"https:\/\/ifap.org.br\/index.php\/noticias-2\/","title":{"rendered":"Termos de Privacidade e de Uso de Cookies"},"content":{"rendered":"\t\t<div data-elementor-type=\"wp-page\" data-elementor-id=\"402\" class=\"elementor elementor-402\" data-elementor-post-type=\"page\">\n\t\t\t\t<div class=\"elementor-element elementor-element-20d3ee7 e-flex e-con-boxed e-con e-parent\" data-id=\"20d3ee7\" data-element_type=\"container\" data-settings=\"{&quot;background_background&quot;:&quot;classic&quot;,&quot;shape_divider_bottom&quot;:&quot;opacity-tilt&quot;}\">\n\t\t\t\t\t<div class=\"e-con-inner\">\n\t\t\t\t<div class=\"elementor-shape elementor-shape-bottom\" aria-hidden=\"true\" data-negative=\"false\">\n\t\t\t<svg xmlns=\"http:\/\/www.w3.org\/2000\/svg\" viewBox=\"0 0 2600 131.1\" preserveAspectRatio=\"none\">\n\t<path class=\"elementor-shape-fill\" d=\"M0 0L2600 0 2600 69.1 0 0z\"\/>\n\t<path class=\"elementor-shape-fill\" style=\"opacity:0.5\" d=\"M0 0L2600 0 2600 69.1 0 69.1z\"\/>\n\t<path class=\"elementor-shape-fill\" style=\"opacity:0.25\" d=\"M2600 0L0 0 0 130.1 2600 69.1z\"\/>\n<\/svg>\t\t<\/div>\n\t\t\t\t<div class=\"elementor-element elementor-element-7688332 elementor-widget elementor-widget-heading\" data-id=\"7688332\" data-element_type=\"widget\" data-widget_type=\"heading.default\">\n\t\t\t\t<div class=\"elementor-widget-container\">\n\t\t\t\t\t<h2 class=\"elementor-heading-title elementor-size-default\">Termos de Privacidade e de Uso de Cookies<\/h2>\t\t\t\t<\/div>\n\t\t\t\t<\/div>\n\t\t\t\t\t<\/div>\n\t\t\t\t<\/div>\n\t\t<div class=\"elementor-element elementor-element-2070f8e e-flex e-con-boxed e-con e-parent\" data-id=\"2070f8e\" data-element_type=\"container\">\n\t\t\t\t\t<div class=\"e-con-inner\">\n\t\t\t\t<div class=\"elementor-element elementor-element-314128f elementor-widget__width-inherit elementor-widget elementor-widget-text-editor\" data-id=\"314128f\" data-element_type=\"widget\" data-widget_type=\"text-editor.default\">\n\t\t\t\t<div class=\"elementor-widget-container\">\n\t\t\t\t\t\t\t\t\t<p>Em observ\u00e2ncia a Lei Geral de Prote\u00e7\u00e3o de Dados Pessoais (LGPD) e das leis e normas setoriais n\u00ba 12.965\/2014 e o decreto n\u00ba 8.771\/16, as IRM\u00c3S FRANCISCANAS DO APOSTOLADO PAROQUIAL &#8211; IFAP elaboraram este \u201cTermo de Privacidade\u201d para dar mais transpar\u00eancia sobre como tratamos os dados pessoais que, eventualmente, voc\u00ea nos fornece, atrav\u00e9s de nossos ambientes (canais e plataformas oficiais) e os cuidados que estabelecemos para a prote\u00e7\u00e3o da sua privacidade.\u00a0<\/p><p>Para n\u00f3s \u00e9 um princ\u00edpio e um forte compromisso proteger seus dados pessoais e resguardar a sua privacidade, esclarecer as regras que usamos sobre o tratamento, bem como assegurar os seus direitos, como fiel e cidad\u00e3o, caso sinta que foi desrespeitado. Informamos que, em hip\u00f3tese alguma, compartilhamos seus dados com terceiros.\u00a0<\/p><p>Todas as informa\u00e7\u00f5es fornecidas por voc\u00ea em nossos ambientes, coletadas durante o seu acesso, s\u00e3o de uso\u00a0 exclusivo das IFAP, sendo incorporadas \u00e0s nossas bases de dados para operacionalizar a presta\u00e7\u00e3o dos nossos servi\u00e7os. Ao acessar os nossos ambientes, conjuntamente com as cl\u00e1usulas contratuais, voc\u00ea concorda com este \u201cTermo de Privacidade\u201d pelo qual consente de forma livre, expressa e informada para o tratamento dos seus dados pessoais e dados pessoais sens\u00edveis que constam no termo.\u00a0<\/p><h5>\u00a0<\/h5><h5>Pol\u00edtica de Privacidade e Seguran\u00e7a do Portal das IFAP<\/h5><p>A Pol\u00edtica de Privacidade e Seguran\u00e7a descrita abaixo constitui parte das Condi\u00e7\u00f5es e Termos de Uso do Portal das IFAP, respeitando todas as normas previstas nas legisla\u00e7\u00f5es vigentes em nosso pa\u00eds, principalmente na Lei Geral de Prote\u00e7\u00e3o de Dados (Lei Federal n. 13.709\/2018)<\/p><p>\u00c9 pol\u00edtica do Portal das IFAP respeitar a sua privacidade em rela\u00e7\u00e3o a qualquer informa\u00e7\u00e3o que possamos coletar. Portanto, as informa\u00e7\u00f5es fornecidas no preenchimento de cadastro de usu\u00e1rio s\u00e3o de total responsabilidade dos usu\u00e1rios e n\u00e3o ser\u00e3o repassadas a terceiros pelas IFAP.<\/p><p>Solicitamos informa\u00e7\u00f5es pessoais apenas quando realmente precisamos delas para lhe fornecer um servi\u00e7o. Fazemo-lo por meios justos e legais, com o seu conhecimento e consentimento. Tamb\u00e9m informamos por que estamos coletando e como ser\u00e1 usado.<\/p><p>Apenas retemos as informa\u00e7\u00f5es coletadas pelo tempo necess\u00e1rio para fornecer o servi\u00e7o solicitado. Quando armazenamos dados, os protegemos dentro de meios comercialmente aceit\u00e1veis para evitar perdas e roubos, bem como acesso, divulga\u00e7\u00e3o, c\u00f3pia, uso ou modifica\u00e7\u00e3o n\u00e3o autorizados.<\/p><p>N\u00e3o compartilhamos informa\u00e7\u00f5es de identifica\u00e7\u00e3o pessoal publicamente ou com terceiros, tampouco informa\u00e7\u00f5es sobre navega\u00e7\u00e3o no site, tais como o endere\u00e7o de IP, cookies e as p\u00e1ginas acessadas, que poder\u00e3o ser armazenadas exceto quando exigido por lei.<\/p><p>Os dados armazenados por n\u00f3s s\u00e3o tratados com toda seguran\u00e7a para promover a prote\u00e7\u00e3o do nosso usu\u00e1rio de qualquer evento danoso.<\/p><p>O Portal das IFAP pode ter links para sites externos que n\u00e3o s\u00e3o operados por n\u00f3s. Esteja ciente de que n\u00e3o temos controle sobre o conte\u00fado e pr\u00e1ticas desses sites e n\u00e3o podemos aceitar responsabilidade por suas respectivas pol\u00edticas de privacidade.<\/p><p>Voc\u00ea \u00e9 livre para recusar a nossa solicita\u00e7\u00e3o de informa\u00e7\u00f5es pessoais, entendendo que talvez n\u00e3o possamos fornecer alguns dos servi\u00e7os desejados.<\/p><p>A visita e perman\u00eancia no Portal das IFAP implica-se automaticamente na concord\u00e2ncia expl\u00edcita desta Pol\u00edtica em todos os seus termos.<\/p><p>O uso continuado do Portal das IFAP ser\u00e1 considerado como a aceita\u00e7\u00e3o de nossas pr\u00e1ticas em torno de privacidade e informa\u00e7\u00f5es pessoais. Se voc\u00ea tiver alguma d\u00favida sobre como lidamos com dados do usu\u00e1rio e informa\u00e7\u00f5es pessoais, entre em contato conosco.<\/p><p>\u00a0<\/p><h5>Pol\u00edtica de Cookies do Portal das IFAP<\/h5><p>\u00a0<\/p><p><b>O que s\u00e3o cookies?<\/b><\/p><p>Como \u00e9 pr\u00e1tica comum em quase todos os sites e portais profissionais, este Portal usa cookies, que s\u00e3o pequenos arquivos baixados no seu computador, para melhorar sua experi\u00eancia. Esta p\u00e1gina descreve quais informa\u00e7\u00f5es eles coletam, como as usamos e por que \u00e0s vezes precisamos armazenar esses cookies. Tamb\u00e9m compartilharemos como voc\u00ea pode impedir que esses cookies sejam armazenados, no entanto, isso pode fazer o downgrade ou \u2018quebrar\u2019 certos elementos da funcionalidade do Portal.<\/p><p>\u00a0<\/p><p><b>Como usamos os cookies?<\/b><\/p><p>Utilizamos cookies por v\u00e1rios motivos, detalhados abaixo. Infelizmente, na maioria dos casos, n\u00e3o existem op\u00e7\u00f5es padr\u00e3o do setor para desativar os cookies sem desativar completamente a funcionalidade e os recursos que eles adicionam a este Portal. \u00c9 recomend\u00e1vel que voc\u00ea deixe todos os cookies se n\u00e3o tiver certeza se precisa ou n\u00e3o deles, caso sejam usados para fornecer um servi\u00e7o que voc\u00ea usa.<\/p><p>\u00a0<\/p><p><b>Desativar cookies<\/b><\/p><p>Voc\u00ea pode impedir a configura\u00e7\u00e3o de cookies ajustando as configura\u00e7\u00f5es do seu navegador (consulte a \u2018ajuda do navegador\u2019 para saber como fazer isso). Esteja ciente de que a desativa\u00e7\u00e3o de cookies afetar\u00e1 a funcionalidade deste e de muitos outros sites que voc\u00ea visita. A desativa\u00e7\u00e3o de cookies geralmente resultar\u00e1 na desativa\u00e7\u00e3o de determinadas funcionalidades e recursos deste Portal. Portanto, \u00e9 recomend\u00e1vel que voc\u00ea n\u00e3o desative os cookies.<\/p><p>\u00a0<\/p><p><b>Cookies relacionados \u00e0 conta<\/b><\/p><p>Se voc\u00ea criar uma conta conosco, usaremos cookies para o gerenciamento do processo de inscri\u00e7\u00e3o e administra\u00e7\u00e3o geral. Esses cookies geralmente ser\u00e3o exclu\u00eddos quando voc\u00ea sair do sistema, por\u00e9m, em alguns casos, eles poder\u00e3o permanecer posteriormente para lembrar as prefer\u00eancias do seu Portal ao sair.<\/p><p>\u00a0<\/p><p><b>Cookies relacionados ao login<\/b><\/p><p>Utilizamos cookies quando voc\u00ea est\u00e1 logado, para que possamos lembrar dessa a\u00e7\u00e3o. Isso evita que voc\u00ea precise fazer login sempre que visitar uma nova p\u00e1gina. Esses cookies s\u00e3o normalmente removidos ou limpos quando voc\u00ea efetua logout para garantir que voc\u00ea possa acessar apenas a recursos e \u00e1reas restritas ao efetuar login.<\/p><p>\u00a0<\/p><p><b>Cookies relacionados a boletins por e-mail<\/b><\/p><p>Este Portal poder\u00e1 oferecer servi\u00e7os de assinatura de boletim informativo ou e-mail e os cookies podem ser usados para lembrar se voc\u00ea j\u00e1 est\u00e1 registrado e se deve mostrar determinadas notifica\u00e7\u00f5es v\u00e1lidas apenas para usu\u00e1rios inscritos ou n\u00e3o inscritos.<\/p><p>\u00a0<\/p><p><b>Cookies relacionados a pesquisas<\/b><\/p><p>Periodicamente poderemos oferecer pesquisas e question\u00e1rios para fornecer informa\u00e7\u00f5es interessantes, ferramentas \u00fateis ou para entender nossa base de usu\u00e1rios com mais precis\u00e3o. Essas pesquisas podem usar cookies para lembrar quem j\u00e1 participou numa pesquisa ou para fornecer resultados precisos ap\u00f3s a altera\u00e7\u00e3o das p\u00e1ginas.<\/p><p>\u00a0<\/p><p><b>Cookies relacionados a formul\u00e1rios<\/b><\/p><p>Quando voc\u00ea envia dados por meio de um formul\u00e1rio, como os encontrados nas p\u00e1ginas de contato ou nos formul\u00e1rios de coment\u00e1rios, os cookies podem ser configurados para lembrar os detalhes do usu\u00e1rio para correspond\u00eancia futura.<\/p><p>\u00a0<\/p><p><b>Cookies de prefer\u00eancias do Portal<\/b><\/p><p>Para proporcionar uma \u00f3tima experi\u00eancia neste Portal, fornecemos a funcionalidade para definir suas prefer\u00eancias de como esse Portal \u00e9 executado quando voc\u00ea o usa. Para lembrar suas prefer\u00eancias, precisamos definir cookies para que essas informa\u00e7\u00f5es possam ser chamadas sempre que voc\u00ea interagir com uma p\u00e1gina de sua prefer\u00eancia.<\/p><p>\u00a0<\/p><p><b>Cookies de Terceiros<\/b><\/p><p>Em alguns casos especiais, tamb\u00e9m usamos cookies fornecidos por terceiros confi\u00e1veis. A se\u00e7\u00e3o a seguir detalha quais cookies de terceiros voc\u00ea pode encontrar atrav\u00e9s deste Portal.<\/p><p>Este Portal usa o Google Analytics, que \u00e9 uma das solu\u00e7\u00f5es de an\u00e1lise mais difundidas e confi\u00e1veis da Web, para nos ajudar a entender como voc\u00ea usa o site e como podemos melhorar sua experi\u00eancia. Esses cookies podem rastrear itens como quanto tempo voc\u00ea gasta no site e as p\u00e1ginas visitadas, para que possamos continuar produzindo o melhor conte\u00fado para voc\u00ea.<br \/>Para mais informa\u00e7\u00f5es sobre cookies do Google Analytics, consulte a p\u00e1gina oficial do Google Analytics.<\/p><p>Periodicamente, testamos novos recursos e fazemos altera\u00e7\u00f5es na maneira como este Portal se apresenta. Quando ainda estamos testando novos recursos, esses cookies podem ser usados para garantir que voc\u00ea receba uma experi\u00eancia consistente enquanto estiver no site, enquanto entendemos quais otimiza\u00e7\u00f5es os nossos usu\u00e1rios mais apreciam.<\/p><p>\u00a0<\/p><p><b>Compromisso do Usu\u00e1rio<\/b><\/p><p>O usu\u00e1rio se compromete a fazer uso adequado dos conte\u00fados e da informa\u00e7\u00e3o que as IFAP oferece no seu Portal e com car\u00e1ter enunciativo, mas n\u00e3o limitativo:<\/p><p>a) N\u00e3o se envolver em atividades que sejam ilegais ou contr\u00e1rias \u00e0 boa f\u00e9 a \u00e0 ordem p\u00fablica;<br \/>b) N\u00e3o difundir propaganda ou conte\u00fado de natureza racista, xenof\u00f3bica, ou apostas online (ex.: Moosh), jogos de sorte e azar, qualquer tipo de pornografia ilegal, de apologia ao terrorismo ou contra os direitos humanos;<br \/>c) O usu\u00e1rio \u00e9 proibido de se cadastrar com express\u00f5es impr\u00f3prias, injuriosas e caluniosas, utilizando marcas de produtos, ou servi\u00e7os de terceiros, contr\u00e1rios \u00e0 lei e ordem p\u00fablicas<br \/>d) N\u00e3o causar danos aos sistemas f\u00edsicos (hardwares) e l\u00f3gicos (softwares) do Portal da SIGNIS Brasil, de seus fornecedores ou terceiros, para introduzir ou disseminar v\u00edrus inform\u00e1ticos ou quaisquer outros sistemas de hardware ou software que sejam capazes de causar danos anteriormente mencionados.<\/p><p>\u00a0<\/p><p><b>Mais informa\u00e7\u00f5es<\/b><\/p><p>Esperemos que esteja esclarecido e, como mencionado anteriormente, se houver algo que voc\u00ea n\u00e3o tem certeza se precisa ou n\u00e3o, geralmente \u00e9 mais seguro deixar os cookies ativados, caso interaja com um dos recursos que voc\u00ea usa em nosso Portal.<\/p><p>O usu\u00e1rio que desrespeitar os termos estabelecidos pelo Portal das IFAP, nesta Pol\u00edtica de Privacidade ou nos Termos de Uso, poder\u00e1 ter seu acesso bloqueado sem aviso pr\u00e9vio.<\/p><p>O Portal das IFAP possui um controle no que tange os coment\u00e1rios proferidos em algum conte\u00fado publicados, permitindo-se a aprova\u00e7\u00e3o ou desaprova\u00e7\u00e3o dos mesmos.<\/p><p>A Pol\u00edtica de Privacidade do Portal das IFAP poder\u00e1 passar por revis\u00e3o ou altera\u00e7\u00f5es frequentes, sem aviso pr\u00e9vio, adaptando \u00e0s necessidades do momento.<\/p><p>\u00a0<\/p><p><strong>Contato<\/strong><\/p><p>Caso deseje mais informa\u00e7\u00f5es sobre como seus dados s\u00e3o utilizados, entrar em contato com:<\/p><p>Nome<br \/>Telefone<br \/>E-mail<\/p><p>Esta Pol\u00edtica de Privacidade e Seguran\u00e7a passa a ser efetiva a partir de 01\/03\/2024.<\/p>\t\t\t\t\t\t\t\t<\/div>\n\t\t\t\t<\/div>\n\t\t\t\t\t<\/div>\n\t\t\t\t<\/div>\n\t\t\t\t<\/div>\n\t\t","protected":false},"excerpt":{"rendered":"<p>Termos de Privacidade e de Uso de Cookies Em observ\u00e2ncia a Lei Geral de Prote\u00e7\u00e3o de Dados Pessoais (LGPD) e das leis e normas setoriais n\u00ba 12.965\/2014 e o decreto n\u00ba 8.771\/16, as IRM\u00c3S FRANCISCANAS DO APOSTOLADO PAROQUIAL &#8211; IFAP elaboraram este \u201cTermo de Privacidade\u201d para dar mais transpar\u00eancia sobre como tratamos os dados pessoais [&hellip;]<\/p>\n","protected":false},"author":1,"featured_media":0,"parent":0,"menu_order":0,"comment_status":"closed","ping_status":"closed","template":"elementor_header_footer","meta":{"_monsterinsights_skip_tracking":false,"_monsterinsights_sitenote_active":false,"_monsterinsights_sitenote_note":"","_monsterinsights_sitenote_category":0,"footnotes":""},"class_list":["post-402","page","type-page","status-publish","hentry"],"yoast_head":"<!-- This site is optimized with the Yoast SEO plugin v25.8 - https:\/\/yoast.com\/wordpress\/plugins\/seo\/ -->\n<title>Termos de Privacidade e de Uso de Cookies - IFAP<\/title>\n<meta name=\"robots\" content=\"index, follow, max-snippet:-1, max-image-preview:large, max-video-preview:-1\" \/>\n<link rel=\"canonical\" href=\"https:\/\/ifap.org.br\/index.php\/noticias-2\/\" \/>\n<meta property=\"og:locale\" content=\"pt_BR\" \/>\n<meta property=\"og:type\" content=\"article\" \/>\n<meta property=\"og:title\" content=\"Termos de Privacidade e de Uso de Cookies - IFAP\" \/>\n<meta property=\"og:description\" content=\"Termos de Privacidade e de Uso de Cookies Em observ\u00e2ncia a Lei Geral de Prote\u00e7\u00e3o de Dados Pessoais (LGPD) e das leis e normas setoriais n\u00ba 12.965\/2014 e o decreto n\u00ba 8.771\/16, as IRM\u00c3S FRANCISCANAS DO APOSTOLADO PAROQUIAL &#8211; IFAP elaboraram este \u201cTermo de Privacidade\u201d para dar mais transpar\u00eancia sobre como tratamos os dados pessoais [&hellip;]\" \/>\n<meta property=\"og:url\" content=\"https:\/\/ifap.org.br\/index.php\/noticias-2\/\" \/>\n<meta property=\"og:site_name\" content=\"IFAP\" \/>\n<meta property=\"article:publisher\" content=\"https:\/\/www.facebook.com\/irmasifap\" \/>\n<meta property=\"article:modified_time\" content=\"2024-03-05T07:24:58+00:00\" \/>\n<meta name=\"twitter:card\" content=\"summary_large_image\" \/>\n<meta name=\"twitter:label1\" content=\"Est. tempo de leitura\" \/>\n\t<meta name=\"twitter:data1\" content=\"8 minutos\" \/>\n<script type=\"application\/ld+json\" class=\"yoast-schema-graph\">{\"@context\":\"https:\/\/schema.org\",\"@graph\":[{\"@type\":\"WebPage\",\"@id\":\"https:\/\/ifap.org.br\/index.php\/noticias-2\/\",\"url\":\"https:\/\/ifap.org.br\/index.php\/noticias-2\/\",\"name\":\"Termos de Privacidade e de Uso de Cookies - IFAP\",\"isPartOf\":{\"@id\":\"https:\/\/ifap.org.br\/#website\"},\"datePublished\":\"2024-03-02T23:16:08+00:00\",\"dateModified\":\"2024-03-05T07:24:58+00:00\",\"breadcrumb\":{\"@id\":\"https:\/\/ifap.org.br\/index.php\/noticias-2\/#breadcrumb\"},\"inLanguage\":\"pt-BR\",\"potentialAction\":[{\"@type\":\"ReadAction\",\"target\":[\"https:\/\/ifap.org.br\/index.php\/noticias-2\/\"]}]},{\"@type\":\"BreadcrumbList\",\"@id\":\"https:\/\/ifap.org.br\/index.php\/noticias-2\/#breadcrumb\",\"itemListElement\":[{\"@type\":\"ListItem\",\"position\":1,\"name\":\"In\u00edcio\",\"item\":\"https:\/\/ifap.org.br\/\"},{\"@type\":\"ListItem\",\"position\":2,\"name\":\"Termos de Privacidade e de Uso de Cookies\"}]},{\"@type\":\"WebSite\",\"@id\":\"https:\/\/ifap.org.br\/#website\",\"url\":\"https:\/\/ifap.org.br\/\",\"name\":\"IFAP\",\"description\":\"\",\"publisher\":{\"@id\":\"https:\/\/ifap.org.br\/#organization\"},\"potentialAction\":[{\"@type\":\"SearchAction\",\"target\":{\"@type\":\"EntryPoint\",\"urlTemplate\":\"https:\/\/ifap.org.br\/?s={search_term_string}\"},\"query-input\":{\"@type\":\"PropertyValueSpecification\",\"valueRequired\":true,\"valueName\":\"search_term_string\"}}],\"inLanguage\":\"pt-BR\"},{\"@type\":\"Organization\",\"@id\":\"https:\/\/ifap.org.br\/#organization\",\"name\":\"IFAP\",\"url\":\"https:\/\/ifap.org.br\/\",\"logo\":{\"@type\":\"ImageObject\",\"inLanguage\":\"pt-BR\",\"@id\":\"https:\/\/ifap.org.br\/#\/schema\/logo\/image\/\",\"url\":\"https:\/\/ifap.org.br\/wp-content\/uploads\/2024\/03\/logo.png\",\"contentUrl\":\"https:\/\/ifap.org.br\/wp-content\/uploads\/2024\/03\/logo.png\",\"width\":185,\"height\":80,\"caption\":\"IFAP\"},\"image\":{\"@id\":\"https:\/\/ifap.org.br\/#\/schema\/logo\/image\/\"},\"sameAs\":[\"https:\/\/www.facebook.com\/irmasifap\"]}]}<\/script>\n<!-- \/ Yoast SEO plugin. -->","yoast_head_json":{"title":"Termos de Privacidade e de Uso de Cookies - IFAP","robots":{"index":"index","follow":"follow","max-snippet":"max-snippet:-1","max-image-preview":"max-image-preview:large","max-video-preview":"max-video-preview:-1"},"canonical":"https:\/\/ifap.org.br\/index.php\/noticias-2\/","og_locale":"pt_BR","og_type":"article","og_title":"Termos de Privacidade e de Uso de Cookies - IFAP","og_description":"Termos de Privacidade e de Uso de Cookies Em observ\u00e2ncia a Lei Geral de Prote\u00e7\u00e3o de Dados Pessoais (LGPD) e das leis e normas setoriais n\u00ba 12.965\/2014 e o decreto n\u00ba 8.771\/16, as IRM\u00c3S FRANCISCANAS DO APOSTOLADO PAROQUIAL &#8211; IFAP elaboraram este \u201cTermo de Privacidade\u201d para dar mais transpar\u00eancia sobre como tratamos os dados pessoais [&hellip;]","og_url":"https:\/\/ifap.org.br\/index.php\/noticias-2\/","og_site_name":"IFAP","article_publisher":"https:\/\/www.facebook.com\/irmasifap","article_modified_time":"2024-03-05T07:24:58+00:00","twitter_card":"summary_large_image","twitter_misc":{"Est. tempo de leitura":"8 minutos"},"schema":{"@context":"https:\/\/schema.org","@graph":[{"@type":"WebPage","@id":"https:\/\/ifap.org.br\/index.php\/noticias-2\/","url":"https:\/\/ifap.org.br\/index.php\/noticias-2\/","name":"Termos de Privacidade e de Uso de Cookies - IFAP","isPartOf":{"@id":"https:\/\/ifap.org.br\/#website"},"datePublished":"2024-03-02T23:16:08+00:00","dateModified":"2024-03-05T07:24:58+00:00","breadcrumb":{"@id":"https:\/\/ifap.org.br\/index.php\/noticias-2\/#breadcrumb"},"inLanguage":"pt-BR","potentialAction":[{"@type":"ReadAction","target":["https:\/\/ifap.org.br\/index.php\/noticias-2\/"]}]},{"@type":"BreadcrumbList","@id":"https:\/\/ifap.org.br\/index.php\/noticias-2\/#breadcrumb","itemListElement":[{"@type":"ListItem","position":1,"name":"In\u00edcio","item":"https:\/\/ifap.org.br\/"},{"@type":"ListItem","position":2,"name":"Termos de Privacidade e de Uso de Cookies"}]},{"@type":"WebSite","@id":"https:\/\/ifap.org.br\/#website","url":"https:\/\/ifap.org.br\/","name":"IFAP","description":"","publisher":{"@id":"https:\/\/ifap.org.br\/#organization"},"potentialAction":[{"@type":"SearchAction","target":{"@type":"EntryPoint","urlTemplate":"https:\/\/ifap.org.br\/?s={search_term_string}"},"query-input":{"@type":"PropertyValueSpecification","valueRequired":true,"valueName":"search_term_string"}}],"inLanguage":"pt-BR"},{"@type":"Organization","@id":"https:\/\/ifap.org.br\/#organization","name":"IFAP","url":"https:\/\/ifap.org.br\/","logo":{"@type":"ImageObject","inLanguage":"pt-BR","@id":"https:\/\/ifap.org.br\/#\/schema\/logo\/image\/","url":"https:\/\/ifap.org.br\/wp-content\/uploads\/2024\/03\/logo.png","contentUrl":"https:\/\/ifap.org.br\/wp-content\/uploads\/2024\/03\/logo.png","width":185,"height":80,"caption":"IFAP"},"image":{"@id":"https:\/\/ifap.org.br\/#\/schema\/logo\/image\/"},"sameAs":["https:\/\/www.facebook.com\/irmasifap"]}]}},"_links":{"self":[{"href":"https:\/\/ifap.org.br\/index.php\/wp-json\/wp\/v2\/pages\/402","targetHints":{"allow":["GET"]}}],"collection":[{"href":"https:\/\/ifap.org.br\/index.php\/wp-json\/wp\/v2\/pages"}],"about":[{"href":"https:\/\/ifap.org.br\/index.php\/wp-json\/wp\/v2\/types\/page"}],"author":[{"embeddable":true,"href":"https:\/\/ifap.org.br\/index.php\/wp-json\/wp\/v2\/users\/1"}],"replies":[{"embeddable":true,"href":"https:\/\/ifap.org.br\/index.php\/wp-json\/wp\/v2\/comments?post=402"}],"version-history":[{"count":26,"href":"https:\/\/ifap.org.br\/index.php\/wp-json\/wp\/v2\/pages\/402\/revisions"}],"predecessor-version":[{"id":527,"href":"https:\/\/ifap.org.br\/index.php\/wp-json\/wp\/v2\/pages\/402\/revisions\/527"}],"wp:attachment":[{"href":"https:\/\/ifap.org.br\/index.php\/wp-json\/wp\/v2\/media?parent=402"}],"curies":[{"name":"wp","href":"https:\/\/api.w.org\/{rel}","templated":true}]}}